{"id":7086,"date":"2025-09-12T21:56:15","date_gmt":"2025-09-12T21:56:15","guid":{"rendered":"https:\/\/doctortecho.com\/?page_id=7086"},"modified":"2025-09-12T21:57:34","modified_gmt":"2025-09-12T21:57:34","slug":"aviso-legal","status":"publish","type":"page","link":"https:\/\/doctortecho.com\/ca\/aviso-legal\/","title":{"rendered":"Av\u00eds Legal"},"content":{"rendered":"<div data-elementor-type=\"wp-page\" data-elementor-id=\"7086\" class=\"elementor elementor-7086\">\n\t\t\t\t<div class=\"elementor-element elementor-element-6dcb9646 e-flex e-con-boxed e-con e-parent\" data-id=\"6dcb9646\" data-element_type=\"container\">\n\t\t\t\t\t<div class=\"e-con-inner\">\n\t\t\t\t<div class=\"elementor-element elementor-element-6f499a83 elementor-widget elementor-widget-text-editor\" data-id=\"6f499a83\" data-element_type=\"widget\" data-settings=\"{&quot;ekit_we_effect_on&quot;:&quot;none&quot;}\" data-widget_type=\"text-editor.default\">\n\t\t\t\t<div class=\"elementor-widget-container\">\n\t\t\t\t\t\t\t\t\t\n<h1 class=\"wp-block-heading\" data-start=\"151\" data-end=\"166\">Av\u00eds Legal<\/h1>\n<p data-start=\"168\" data-end=\"617\">El prop\u00f2sit d&#039;aquest Av\u00eds Legal \u00e9s informar els usuaris de <strong data-start=\"231\" data-end=\"255\"><a class=\"decorated-link\" href=\"http:\/\/www.doctortejado.com\" target=\"_new\" rel=\"noopener\" data-start=\"233\" data-end=\"253\">www.doctortejado.com<\/a><\/strong>, amb domicili a <strong data-start=\"274\" data-end=\"318\">Carrer de Campcados, 80 DP, 17006 Girona<\/strong>, la ra\u00f3 social del Responsable del tractament del qual \u00e9s <strong data-start=\"373\" data-end=\"389\">DoctorTeula<\/strong>, de quina \u00e9s la seva pol\u00edtica de protecci\u00f3 de la privadesa i confidencialitat de les dades de car\u00e0cter personal segons el <strong data-start=\"507\" data-end=\"559\">Reglament General de Protecci\u00f3 de Dades (RGPD)<\/strong> que els usuaris faciliten de forma lliure i volunt\u00e0ria.<\/p>\n<p data-start=\"619\" data-end=\"791\">DoctorTejado disposa de les dades de car\u00e0cter personal especificades al corresponent registre d&#039;activitats del tractament denominat <strong data-start=\"761\" data-end=\"788\">Gesti\u00f3 d&#039;Usuaris Web<\/strong>.<\/p>\n<h2 data-start=\"793\" data-end=\"808\">BASE LEGAL<\/h2>\n<p data-start=\"810\" data-end=\"996\">La base legal per al tractament de les vostres dades \u00e9s el consentiment obtingut del mateix titular en el moment d&#039;emplenar el formulari on-line i acceptar-lo de forma expressa.<\/p>\n<h2 data-start=\"998\" data-end=\"1012\">FINALITAT<\/h2>\n<p data-start=\"1014\" data-end=\"1222\">La finalitat de la creaci\u00f3, l&#039;exist\u00e8ncia i el manteniment d&#039;aquest tractament \u00e9s la gesti\u00f3 de les dades amb les finalitats exclusives de poder fer efectiva la sol\u00b7licitud d&#039;informaci\u00f3, pressupostos o serveis.<\/p>\n<h2 data-start=\"1224\" data-end=\"1242\">DESTINATARIS<\/h2>\n<p data-start=\"1244\" data-end=\"1396\">Els destinataris de la informaci\u00f3 s\u00f3n els departaments interns de DoctorTejado i, en cap cas, seran cedits a tercers excepte obligaci\u00f3 legal.<\/p>\n<h2 data-start=\"1398\" data-end=\"1427\">DRETS DELS USUARIS<\/h2>\n<p data-start=\"1429\" data-end=\"1566\">Vost\u00e8 t\u00e9 dret a obtenir confirmaci\u00f3 sobre si a DoctorTejado estem tractant les seves dades personals, i per tant t\u00e9 dret a:<\/p>\n<ul data-start=\"1567\" data-end=\"1752\">\n<li data-start=\"1567\" data-end=\"1602\">\n<p data-start=\"1569\" data-end=\"1602\">Accedir a les vostres dades personals.<\/p>\n<\/li>\n<li data-start=\"1603\" data-end=\"1657\">\n<p data-start=\"1605\" data-end=\"1657\">Sol\u00b7licitar la rectificaci\u00f3 de les dades inexactes.<\/p>\n<\/li>\n<li data-start=\"1658\" data-end=\"1752\">\n<p data-start=\"1660\" data-end=\"1752\">Sol\u00b7licitar la supressi\u00f3 de les dades quan ja no siguin necess\u00e0ries per als fins recollits.<\/p>\n<\/li>\n<\/ul>\n<h2 data-start=\"1754\" data-end=\"1770\">FORMULARIS<\/h2>\n<p data-start=\"1772\" data-end=\"1934\">Tots els camps dels formularis on-line marcats amb un asterisc (*) s\u00f3n de compliment obligat per poder fer efectiva la vostra sol\u00b7licitud d&#039;informaci\u00f3.<\/p>\n<h2 data-start=\"1936\" data-end=\"1963\">SEGURETAT DE LES DADES<\/h2>\n<p data-start=\"1965\" data-end=\"2211\">La Web <strong data-start=\"1972\" data-end=\"1996\"><a class=\"decorated-link\" href=\"http:\/\/www.doctortejado.com\" target=\"_new\" rel=\"noopener\" data-start=\"1974\" data-end=\"1994\">www.doctortejado.com<\/a><\/strong> ha adoptat les mesures t\u00e8cniques i organitzatives necess\u00e0ries, segons el nivell de seguretat de protecci\u00f3 de dades que correspon legalment, per garantir la seguretat del tractament de les dades personals.<\/p>\n<p data-start=\"2213\" data-end=\"2491\">L&#039;usuari ha de ser conscient que actualment les mesures de seguretat a Internet no s\u00f3n inexpugnables i, per tant, poden existir intromissions il\u00b7legals que no serien responsabilitat de DoctorTejado, ja que ha actuat amb la dilig\u00e8ncia deguda d&#039;acord amb la llei.<\/p>\n<h2 data-start=\"2493\" data-end=\"2505\">COOKIES<\/h2>\n<p data-start=\"2507\" data-end=\"2623\">La pol\u00edtica de cookies de la Web <strong data-start=\"2540\" data-end=\"2564\"><a class=\"decorated-link\" href=\"http:\/\/www.doctortejado.com\" target=\"_new\" rel=\"noopener\" data-start=\"2542\" data-end=\"2562\">www.doctortejado.com<\/a><\/strong> es troba determinada a l&#039;apartat corresponent.<\/p>\n<h2 data-start=\"2625\" data-end=\"2652\">ACTUALITZACI\u00d3 DE DADES<\/h2>\n<p data-start=\"2654\" data-end=\"3009\">DoctorTejado far\u00e0 tot el possible perqu\u00e8 les vostres dades estiguin sempre actualitzades. Aix\u00f2 no obstant, la responsabilitat sobre la qualitat de les dades recau en el titular. En cas que hi hagi alguna modificaci\u00f3, l&#039;usuari haur\u00e0 de comunicar-la al Responsable del Tractament, declinant DoctorTejado qualsevol responsabilitat si no es notifiquen aquests canvis.<\/p>\n<h2 data-start=\"3011\" data-end=\"3052\">LEGISLACI\u00d3 APLICABLE I JURISDICCI\u00d3<\/h2>\n<p data-start=\"3054\" data-end=\"3337\">La prestaci\u00f3 del servei d&#039;aquesta Web i aquestes condicions d&#039;\u00fas es regeixen per la <strong data-start=\"3144\" data-end=\"3160\">Llei Espanyola<\/strong>. Per a qualsevol discrep\u00e0ncia en l&#039;execuci\u00f3, la interpretaci\u00f3 o el compliment d&#039;aquestes condicions, les parts se sotmeten als <strong data-start=\"3287\" data-end=\"3334\">Jutjats i Tribunals competents de Girona<\/strong>.<\/p>\t\t\t\t\t\t\t\t<\/div>\n\t\t\t\t<\/div>\n\t\t\t\t\t<\/div>\n\t\t\t\t<\/div>\n\t\t\t\t<\/div>","protected":false},"excerpt":{"rendered":"<p>Aviso Legal El prop\u00f3sito de este Aviso Legal es informar a los [&hellip;]<\/p>\n","protected":false},"author":1,"featured_media":0,"parent":0,"menu_order":0,"comment_status":"closed","ping_status":"closed","template":"","meta":{"footnotes":""},"class_list":["post-7086","page","type-page","status-publish","hentry"],"_links":{"self":[{"href":"https:\/\/doctortecho.com\/ca\/wp-json\/wp\/v2\/pages\/7086","targetHints":{"allow":["GET"]}}],"collection":[{"href":"https:\/\/doctortecho.com\/ca\/wp-json\/wp\/v2\/pages"}],"about":[{"href":"https:\/\/doctortecho.com\/ca\/wp-json\/wp\/v2\/types\/page"}],"author":[{"embeddable":true,"href":"https:\/\/doctortecho.com\/ca\/wp-json\/wp\/v2\/users\/1"}],"replies":[{"embeddable":true,"href":"https:\/\/doctortecho.com\/ca\/wp-json\/wp\/v2\/comments?post=7086"}],"version-history":[{"count":4,"href":"https:\/\/doctortecho.com\/ca\/wp-json\/wp\/v2\/pages\/7086\/revisions"}],"predecessor-version":[{"id":7090,"href":"https:\/\/doctortecho.com\/ca\/wp-json\/wp\/v2\/pages\/7086\/revisions\/7090"}],"wp:attachment":[{"href":"https:\/\/doctortecho.com\/ca\/wp-json\/wp\/v2\/media?parent=7086"}],"curies":[{"name":"wp","href":"https:\/\/api.w.org\/{rel}","templated":true}]}}