{"id":7084,"date":"2025-09-12T21:55:45","date_gmt":"2025-09-12T21:55:45","guid":{"rendered":"https:\/\/doctortecho.com\/?page_id=7084"},"modified":"2025-09-12T21:58:59","modified_gmt":"2025-09-12T21:58:59","slug":"politica-cookies","status":"publish","type":"page","link":"https:\/\/doctortecho.com\/ca\/politica-cookies\/","title":{"rendered":"Pol\u00edtica de Cookies"},"content":{"rendered":"<div data-elementor-type=\"wp-page\" data-elementor-id=\"7084\" class=\"elementor elementor-7084\">\n\t\t\t\t<div class=\"elementor-element elementor-element-6dcb9646 e-flex e-con-boxed e-con e-parent\" data-id=\"6dcb9646\" data-element_type=\"container\">\n\t\t\t\t\t<div class=\"e-con-inner\">\n\t\t\t\t<div class=\"elementor-element elementor-element-6f499a83 elementor-widget elementor-widget-text-editor\" data-id=\"6f499a83\" data-element_type=\"widget\" data-settings=\"{&quot;ekit_we_effect_on&quot;:&quot;none&quot;}\" data-widget_type=\"text-editor.default\">\n\t\t\t\t<div class=\"elementor-widget-container\">\n\t\t\t\t\t\t\t\t\t\n<h1 class=\"wp-block-heading\" data-start=\"117\" data-end=\"140\">Pol\u00edtica de Cookies<\/h1>\n<p data-start=\"142\" data-end=\"309\"><strong data-start=\"142\" data-end=\"158\">DoctorTeula<\/strong> le informa que esta p\u00e1gina web utiliza cookies propias y de terceros para mejorar nuestros servicios y la experiencia de navegaci\u00f3n de los usuarios.<\/p>\n<h2 data-start=\"311\" data-end=\"341\">DEFINICI\u00d3N DE LAS COOKIES<\/h2>\n<p data-start=\"343\" data-end=\"745\">\u00bfQu\u00e9 son las cookies?<br data-start=\"364\" data-end=\"367\" \/>Una cookie es un fichero que se descarga en su ordenador al acceder a determinadas p\u00e1ginas web. Las cookies permiten a una p\u00e1gina web, entre otras cosas, almacenar y recuperar informaci\u00f3n sobre los h\u00e1bitos de navegaci\u00f3n de un usuario o de su equipo y, dependiendo de la informaci\u00f3n que contengan y del modo en que utilice su equipo, pueden emplearse para reconocer al usuario.<\/p>\n<h2 data-start=\"747\" data-end=\"798\">\u00bfQU\u00c9 TIPOS DE COOKIES UTILIZA ESTA P\u00c1GINA WEB?<\/h2>\n<p data-start=\"800\" data-end=\"1064\">Utilizamos cookies con la finalidad de posibilitar, personalizar y analizar la navegaci\u00f3n, mejorando la calidad de los servicios ofrecidos. Las cookies utilizadas se clasifican en varias categor\u00edas (una misma cookie puede estar incluida en m\u00e1s de una categor\u00eda):<\/p>\n<ul data-start=\"1066\" data-end=\"2050\">\n<li data-start=\"1066\" data-end=\"1213\">\n<p data-start=\"1068\" data-end=\"1213\"><strong data-start=\"1068\" data-end=\"1089\">Cookies de sesi\u00f3n<\/strong>: son cookies temporales que no se almacenan en su terminal, sino que desaparecen cuando finaliza la sesi\u00f3n de navegaci\u00f3n.<\/p>\n<\/li>\n<li data-start=\"1214\" data-end=\"1374\">\n<p data-start=\"1216\" data-end=\"1374\"><strong data-start=\"1216\" data-end=\"1240\">Cookies persistentes<\/strong>: son aquellas que permiten que los datos permanezcan en su terminal y puedan ser tratados m\u00e1s all\u00e1 de la finalizaci\u00f3n de la sesi\u00f3n.<\/p>\n<\/li>\n<li data-start=\"1375\" data-end=\"1556\">\n<p data-start=\"1377\" data-end=\"1556\"><strong data-start=\"1377\" data-end=\"1396\">Cookies propias<\/strong>: son aquellas que se env\u00edan a su terminal desde el sitio web (<a class=\"decorated-link\" href=\"http:\/\/www.doctortejado.com\" target=\"_new\" rel=\"noopener\" data-start=\"1459\" data-end=\"1479\">www.doctortejado.com<\/a>). Algunas de ellas son proporcionadas por la herramienta Google Analytics.<\/p>\n<\/li>\n<li data-start=\"1557\" data-end=\"1758\">\n<p data-start=\"1559\" data-end=\"1758\"><strong data-start=\"1559\" data-end=\"1582\">Cookies de terceros<\/strong>: son cookies que se env\u00edan a su terminal desde un dominio que no es gestionado por DoctorTejado, sino por otra entidad que trata los datos obtenidos a trav\u00e9s de las cookies.<\/p>\n<\/li>\n<li data-start=\"1759\" data-end=\"2050\">\n<p data-start=\"1761\" data-end=\"2050\"><strong data-start=\"1761\" data-end=\"1783\">Cookies anal\u00edticas<\/strong>: utilizadas para el seguimiento y an\u00e1lisis del comportamiento de los usuarios. Nos permiten medir la actividad en el sitio web mediante informaci\u00f3n agregada o de car\u00e1cter estad\u00edstico sobre los h\u00e1bitos de navegaci\u00f3n. Algunas son proporcionadas por Google Analytics.<\/p>\n<\/li>\n<\/ul>\n<h2 data-start=\"2052\" data-end=\"2083\">C\u00d3MO GESTIONAR LAS COOKIES<\/h2>\n<p data-start=\"2085\" data-end=\"2249\">Las cookies instaladas en su equipo se pueden <strong data-start=\"2131\" data-end=\"2164\">permitir, bloquear o eliminar<\/strong> mediante la configuraci\u00f3n de las opciones del navegador instalado en su ordenador.<\/p>\n<ul data-start=\"2251\" data-end=\"2327\">\n<li data-start=\"2251\" data-end=\"2266\">\n<p data-start=\"2253\" data-end=\"2266\"><strong data-start=\"2253\" data-end=\"2264\">Firefox<\/strong><\/p>\n<\/li>\n<li data-start=\"2267\" data-end=\"2281\">\n<p data-start=\"2269\" data-end=\"2281\"><strong data-start=\"2269\" data-end=\"2279\">Chrome<\/strong><\/p>\n<\/li>\n<li data-start=\"2282\" data-end=\"2298\">\n<p data-start=\"2284\" data-end=\"2298\"><strong data-start=\"2284\" data-end=\"2296\">Explorer<\/strong><\/p>\n<\/li>\n<li data-start=\"2299\" data-end=\"2313\">\n<p data-start=\"2301\" data-end=\"2313\"><strong data-start=\"2301\" data-end=\"2311\">Safari<\/strong><\/p>\n<\/li>\n<li data-start=\"2314\" data-end=\"2327\">\n<p data-start=\"2316\" data-end=\"2327\"><strong data-start=\"2316\" data-end=\"2325\">Opera<\/strong><\/p>\n<\/li>\n<\/ul>\n<h2 data-start=\"2329\" data-end=\"2350\">ENLACES EXTERNOS<\/h2>\n<p data-start=\"2352\" data-end=\"2634\">Este sitio web puede contener enlaces a sitios externos (p. ej., redes sociales como Facebook, LinkedIn, Instagram). DoctorTejado no se hace responsable de las pol\u00edticas de privacidad ni del uso que terceros hagan de la informaci\u00f3n personal si usted decide facilitarla libremente.<\/p>\n<p data-start=\"2636\" data-end=\"2903\">Asimismo, la web puede habilitar botones sociales para permitir al usuario compartir contenidos en redes sociales sin necesidad de introducir sus datos personales en esta p\u00e1gina. DoctorTejado no tiene acceso en ning\u00fan momento a los datos que comparten dichas redes.<\/p>\n<h2 data-start=\"2905\" data-end=\"2951\">QU\u00c9 OCURRE SI SE DESHABILITAN LAS COOKIES<\/h2>\n<p data-start=\"2953\" data-end=\"3093\">Si el usuario deshabilita las cookies, la navegaci\u00f3n por nuestra web podr\u00eda no ser \u00f3ptima y algunos recursos podr\u00edan no estar disponibles.<\/p>\n<h2 data-start=\"3095\" data-end=\"3125\">ACTUALIZACIONES Y CAMBIOS<\/h2>\n<p data-start=\"3127\" data-end=\"3407\">DoctorTejado podr\u00e1 modificar la presente Pol\u00edtica de Cookies en funci\u00f3n de exigencias legislativas, reglamentarias o con la finalidad de adaptarla a las instrucciones dictadas por la Agencia Espa\u00f1ola de Protecci\u00f3n de Datos. Se recomienda a los usuarios revisarla peri\u00f3dicamente.<\/p>\t\t\t\t\t\t\t\t<\/div>\n\t\t\t\t<\/div>\n\t\t\t\t\t<\/div>\n\t\t\t\t<\/div>\n\t\t\t\t<\/div>","protected":false},"excerpt":{"rendered":"<p>Pol\u00edtica de Cookies DoctorTejado le informa que esta p\u00e1gina web utiliza cookies [&hellip;]<\/p>\n","protected":false},"author":1,"featured_media":0,"parent":0,"menu_order":0,"comment_status":"closed","ping_status":"closed","template":"","meta":{"footnotes":""},"class_list":["post-7084","page","type-page","status-publish","hentry"],"_links":{"self":[{"href":"https:\/\/doctortecho.com\/ca\/wp-json\/wp\/v2\/pages\/7084","targetHints":{"allow":["GET"]}}],"collection":[{"href":"https:\/\/doctortecho.com\/ca\/wp-json\/wp\/v2\/pages"}],"about":[{"href":"https:\/\/doctortecho.com\/ca\/wp-json\/wp\/v2\/types\/page"}],"author":[{"embeddable":true,"href":"https:\/\/doctortecho.com\/ca\/wp-json\/wp\/v2\/users\/1"}],"replies":[{"embeddable":true,"href":"https:\/\/doctortecho.com\/ca\/wp-json\/wp\/v2\/comments?post=7084"}],"version-history":[{"count":4,"href":"https:\/\/doctortecho.com\/ca\/wp-json\/wp\/v2\/pages\/7084\/revisions"}],"predecessor-version":[{"id":7093,"href":"https:\/\/doctortecho.com\/ca\/wp-json\/wp\/v2\/pages\/7084\/revisions\/7093"}],"wp:attachment":[{"href":"https:\/\/doctortecho.com\/ca\/wp-json\/wp\/v2\/media?parent=7084"}],"curies":[{"name":"wp","href":"https:\/\/api.w.org\/{rel}","templated":true}]}}