{"id":3,"date":"2025-09-02T20:40:15","date_gmt":"2025-09-02T20:40:15","guid":{"rendered":"http:\/\/doctortecho.com\/?page_id=3"},"modified":"2025-09-12T21:45:31","modified_gmt":"2025-09-12T21:45:31","slug":"politica-privacidad","status":"publish","type":"page","link":"https:\/\/doctortecho.com\/ca\/politica-privacidad\/","title":{"rendered":"Pol\u00edtica de Privadesa"},"content":{"rendered":"<div data-elementor-type=\"wp-page\" data-elementor-id=\"3\" class=\"elementor elementor-3\">\n\t\t\t\t<div class=\"elementor-element elementor-element-6dcb9646 e-flex e-con-boxed e-con e-parent\" data-id=\"6dcb9646\" data-element_type=\"container\">\n\t\t\t\t\t<div class=\"e-con-inner\">\n\t\t\t\t<div class=\"elementor-element elementor-element-6f499a83 elementor-widget elementor-widget-text-editor\" data-id=\"6f499a83\" data-element_type=\"widget\" data-settings=\"{&quot;ekit_we_effect_on&quot;:&quot;none&quot;}\" data-widget_type=\"text-editor.default\">\n\t\t\t\t<div class=\"elementor-widget-container\">\n\t\t\t\t\t\t\t\t\t\n<h1 class=\"wp-block-heading\" data-start=\"97\" data-end=\"121\">Pol\u00edtica de Privadesa<\/h1>\n<h2 data-start=\"123\" data-end=\"155\">RESPONSABLE DEL TRACTAMENT<\/h2>\n<p data-start=\"157\" data-end=\"360\"><strong data-start=\"157\" data-end=\"173\">DoctorTeula<\/strong>, amb domicili a <strong data-start=\"192\" data-end=\"236\">Carrer de Campcados, 80 DP, 17006 Girona<\/strong>, tel\u00e8fon <strong data-start=\"247\" data-end=\"262\">667 908 417<\/strong> i correu electr\u00f2nic <strong data-start=\"284\" data-end=\"309\"><a class=\"decorated-link cursor-pointer\" rel=\"noopener\" data-start=\"286\" data-end=\"307\">info@doctortejado.com<\/a><\/strong>.<br data-start=\"310\" data-end=\"313\" \/>Persona de contacte: <strong data-start=\"334\" data-end=\"357\">Carlos Garcia Mu\u00f1iz<\/strong>.<\/p>\n<h2 data-start=\"362\" data-end=\"376\">FINALITAT<\/h2>\n<p data-start=\"378\" data-end=\"550\">La finalitat de la creaci\u00f3, l&#039;exist\u00e8ncia i el manteniment d&#039;aquest tractament de dades \u00e9s la gesti\u00f3 de la relaci\u00f3 comercial amb clients i clients potencials, aix\u00ed com:<\/p>\n<ul data-start=\"551\" data-end=\"840\">\n<li data-start=\"551\" data-end=\"605\">\n<p data-start=\"553\" data-end=\"605\">Atendre sol\u00b7licituds dinformaci\u00f3 o pressupostos.<\/p>\n<\/li>\n<li data-start=\"606\" data-end=\"646\">\n<p data-start=\"608\" data-end=\"646\">Gestionar els serveis contractats.<\/p>\n<\/li>\n<li data-start=\"647\" data-end=\"697\">\n<p data-start=\"649\" data-end=\"697\">Elaborar facturaci\u00f3 i gesti\u00f3 administrativa.<\/p>\n<\/li>\n<li data-start=\"698\" data-end=\"774\">\n<p data-start=\"700\" data-end=\"774\">Possibilitar la comunicaci\u00f3 mitjan\u00e7ant formularis de contacte i WhatsApp.<\/p>\n<\/li>\n<li data-start=\"775\" data-end=\"840\">\n<p data-start=\"777\" data-end=\"840\">Gestionar candidatures a l&#039;apartat Treballa amb nosaltres.<\/p>\n<\/li>\n<\/ul>\n<h2 data-start=\"842\" data-end=\"859\">LEGITIMACI\u00d3<\/h2>\n<p data-start=\"861\" data-end=\"913\">La base legal per al tractament de les vostres dades \u00e9s:<\/p>\n<ul data-start=\"914\" data-end=\"1083\">\n<li data-start=\"914\" data-end=\"968\">\n<p data-start=\"916\" data-end=\"968\">Lexecuci\u00f3 de la relaci\u00f3 comercial\/contractual.<\/p>\n<\/li>\n<li data-start=\"969\" data-end=\"1083\">\n<p data-start=\"971\" data-end=\"1083\">El consentiment de linteressat en remetre les seves dades mitjan\u00e7ant formularis web, correu electr\u00f2nic o WhatsApp.<\/p>\n<\/li>\n<\/ul>\n<h2 data-start=\"1085\" data-end=\"1113\">PER\u00cdODE DE CONSERVACI\u00d3<\/h2>\n<p data-start=\"1115\" data-end=\"1272\">Les dades proporcionades es conservaran mentre es mantingui la relaci\u00f3 comercial o durant els anys necessaris per complir les obligacions legals.<\/p>\n<h2 data-start=\"1274\" data-end=\"1292\">DESTINATARIS<\/h2>\n<p data-start=\"1294\" data-end=\"1611\">DoctorTejado no cedir\u00e0 dades a tercers excepte obligaci\u00f3 legal.<br data-start=\"1357\" data-end=\"1360\" \/>En cas d&#039;utilitzar serveis de tercers per a la gesti\u00f3 administrativa, fiscal, comptable o d&#039;allotjament web, es formalitzaran els corresponents contractes d&#039;encarregat de tractament per garantir la seguretat i la confidencialitat de les dades.<\/p>\n<h2 data-start=\"1613\" data-end=\"1626\">DRETS<\/h2>\n<p data-start=\"1628\" data-end=\"1672\">Les persones interessades tenen dret a:<\/p>\n<ul data-start=\"1673\" data-end=\"1918\">\n<li data-start=\"1673\" data-end=\"1708\">\n<p data-start=\"1675\" data-end=\"1708\">Accedir a les vostres dades personals.<\/p>\n<\/li>\n<li data-start=\"1709\" data-end=\"1763\">\n<p data-start=\"1711\" data-end=\"1763\">Sol\u00b7licitar la rectificaci\u00f3 de les dades inexactes.<\/p>\n<\/li>\n<li data-start=\"1764\" data-end=\"1833\">\n<p data-start=\"1766\" data-end=\"1833\">Sol\u00b7licitar la supressi\u00f3 de les dades quan ja no siguin necess\u00e0ries.<\/p>\n<\/li>\n<li data-start=\"1834\" data-end=\"1873\">\n<p data-start=\"1836\" data-end=\"1873\">Retireu el consentiment atorgat.<\/p>\n<\/li>\n<li data-start=\"1874\" data-end=\"1918\">\n<p data-start=\"1876\" data-end=\"1918\">Sol\u00b7licitar la limitaci\u00f3 del tractament.<\/p>\n<\/li>\n<\/ul>\n<p data-start=\"1920\" data-end=\"2030\">No \u00e9s procedent l&#039;aplicaci\u00f3 de portabilitat ni decisions automatitzades per la tipologia de les dades tractades.<\/p>\n<p data-start=\"2032\" data-end=\"2176\">Per exercir aquests drets, podeu enviar un escrit juntament amb c\u00f2pia d&#039;un document acreditatiu de la vostra identitat a: <strong data-start=\"2149\" data-end=\"2174\"><a class=\"decorated-link cursor-pointer\" rel=\"noopener\" data-start=\"2151\" data-end=\"2172\">info@doctortejado.com<\/a><\/strong><\/p>\n<h2 data-start=\"2178\" data-end=\"2202\">NORMATIVA APLICABLE<\/h2>\n<p data-start=\"2204\" data-end=\"2537\">En compliment del Reglament General de Protecci\u00f3 de Dades (RGPD) (UE 2016\/679), s&#039;informa que les dades facilitades a trav\u00e9s dels formularis d&#039;aquesta web seran tractades amb la finalitat de gestionar la vostra sol\u00b7licitud, donar resposta a les vostres consultes, enviar informaci\u00f3 de serveis i, si escau, executar la relaci\u00f3 contractual.<\/p>\t\t\t\t\t\t\t\t<\/div>\n\t\t\t\t<\/div>\n\t\t\t\t\t<\/div>\n\t\t\t\t<\/div>\n\t\t\t\t<\/div>","protected":false},"excerpt":{"rendered":"<p>Pol\u00edtica de Privacidad RESPONSABLE DEL TRATAMIENTO DoctorTejado, con domicilio en Carrer de [&hellip;]<\/p>\n","protected":false},"author":1,"featured_media":0,"parent":0,"menu_order":0,"comment_status":"closed","ping_status":"closed","template":"","meta":{"footnotes":""},"class_list":["post-3","page","type-page","status-publish","hentry"],"_links":{"self":[{"href":"https:\/\/doctortecho.com\/ca\/wp-json\/wp\/v2\/pages\/3","targetHints":{"allow":["GET"]}}],"collection":[{"href":"https:\/\/doctortecho.com\/ca\/wp-json\/wp\/v2\/pages"}],"about":[{"href":"https:\/\/doctortecho.com\/ca\/wp-json\/wp\/v2\/types\/page"}],"author":[{"embeddable":true,"href":"https:\/\/doctortecho.com\/ca\/wp-json\/wp\/v2\/users\/1"}],"replies":[{"embeddable":true,"href":"https:\/\/doctortecho.com\/ca\/wp-json\/wp\/v2\/comments?post=3"}],"version-history":[{"count":4,"href":"https:\/\/doctortecho.com\/ca\/wp-json\/wp\/v2\/pages\/3\/revisions"}],"predecessor-version":[{"id":7062,"href":"https:\/\/doctortecho.com\/ca\/wp-json\/wp\/v2\/pages\/3\/revisions\/7062"}],"wp:attachment":[{"href":"https:\/\/doctortecho.com\/ca\/wp-json\/wp\/v2\/media?parent=3"}],"curies":[{"name":"wp","href":"https:\/\/api.w.org\/{rel}","templated":true}]}}